{"id":4703,"date":"2021-08-18T11:31:21","date_gmt":"2021-08-18T11:31:21","guid":{"rendered":"https:\/\/vfm-klausheide.de\/test\/"},"modified":"2024-03-16T18:09:03","modified_gmt":"2024-03-16T17:09:03","slug":"test","status":"publish","type":"page","link":"https:\/\/vfm-klausheide.de\/nl\/","title":{"rendered":"Startseite"},"content":{"rendered":"<section class=\"l-section wpb_row height_huge with_img with_video\"><div class=\"l-section-img\" role=\"img\" data-img-width=\"1800\" data-img-height=\"1012\" style=\"background-image: url(https:\/\/vfm-klausheide.de\/wp-content\/uploads\/2019\/11\/D_EFYH-Yankee-Hotel3.jpg);background-repeat: no-repeat;\"><\/div><div id=\"us_bg_video_u34b\" class=\"l-section-video\"><script>!function(w){var node = document.getElementById( 'us_bg_video_u34b' );if ( w.innerWidth <= 1024 ) { node.remove() }}(window);<\/script><style>@media(max-width:1024px){#us_bg_video_u34b{display:none!important}}<\/style><video  autoplay loop muted playsinline preload=\"auto\"><source type=\"video\/mp4\" src=\"https:\/\/vfm-klausheide.de\/wp-content\/uploads\/2019\/11\/vfm_flotte_edit1_test_1.mp4\" \/><\/video><\/div><div class=\"l-section-h i-cf\"><div class=\"g-cols vc_row via_grid cols_1 laptops-cols_inherit tablets-cols_inherit mobiles-cols_1 valign_top type_default stacking_default\"><div class=\"wpb_column vc_column_container\"><div class=\"vc_column-inner\"><div class=\"w-separator size_huge\"><\/div><div class=\"w-separator size_huge\"><\/div><div class=\"w-separator size_huge\"><\/div><\/div><\/div><\/div><\/div><\/section><section class=\"l-section wpb_row height_huge\"><div class=\"l-section-h i-cf\"><div class=\"g-cols vc_row via_grid cols_1 laptops-cols_inherit tablets-cols_inherit mobiles-cols_1 valign_top type_default stacking_default\"><div class=\"wpb_column vc_column_container\"><div class=\"vc_column-inner\">[vc_custom_heading text=&#8221;Vereniging voor Motorflug e.V.&#8221; font_container=&#8221;tag:h2|text_align:center&#8221; use_theme_fonts=&#8221;yes&#8221;]<div class=\"wpb_text_column us_custom_eb849559\"><div class=\"wpb_wrapper\"><p>Wat is er mooier dan vliegen? Erg weinig. Als je eenmaal door een regenboog bent gevlogen, laat je het vliegen niet meer los. Als je over dingen zweeft, worden veel dingen in perspectief geplaatst &#8211; je krijgt een andere kijk op de wereld.<\/p>\n<\/div><\/div><div class=\"w-separator size_small\"><\/div><div class=\"wpb_text_column\"><div class=\"wpb_wrapper\"><div id=\"kgvid_kgvid_0_wrapper\" class=\"kgvid_wrapper\">\n\t\t\t<div id=\"video_kgvid_0_div\" class=\"fitvidsignore kgvid_videodiv\" data-id=\"kgvid_0\" data-kgvid_video_vars=\"{&quot;id&quot;:&quot;kgvid_0&quot;,&quot;attachment_id&quot;:0,&quot;player_type&quot;:&quot;Video.js v8&quot;,&quot;width&quot;:&quot;640&quot;,&quot;height&quot;:&quot;360&quot;,&quot;fullwidth&quot;:&quot;true&quot;,&quot;fixed_aspect&quot;:&quot;vertical&quot;,&quot;countable&quot;:false,&quot;count_views&quot;:&quot;start_complete&quot;,&quot;start&quot;:&quot;&quot;,&quot;autoplay&quot;:&quot;false&quot;,&quot;pauseothervideos&quot;:&quot;true&quot;,&quot;set_volume&quot;:&quot;1&quot;,&quot;muted&quot;:&quot;false&quot;,&quot;meta&quot;:false,&quot;endofvideooverlay&quot;:&quot;&quot;,&quot;resize&quot;:&quot;true&quot;,&quot;auto_res&quot;:&quot;automatic&quot;,&quot;pixel_ratio&quot;:&quot;true&quot;,&quot;right_click&quot;:&quot;on&quot;,&quot;playback_rate&quot;:&quot;false&quot;,&quot;title&quot;:&quot;vfm_homepage_video01_compressed.mp4&quot;,&quot;skip_buttons&quot;:[],&quot;nativecontrolsfortouch&quot;:&quot;false&quot;,&quot;locale&quot;:&quot;nl&quot;,&quot;enable_resolutions_plugin&quot;:false}\" itemprop=\"video\" itemscope itemtype=\"https:\/\/schema.org\/VideoObject\"><meta itemprop=\"embedUrl\" content=\"https:\/\/vfm-klausheide.de\/video\/vfm_homepage_video01_compressed.mp4\"><meta itemprop=\"contentUrl\" content=\"https:\/\/vfm-klausheide.de\/video\/vfm_homepage_video01_compressed.mp4\"><meta itemprop=\"name\" content=\"vfm_homepage_video01_compressed.mp4\"><meta itemprop=\"description\" content=\"Video\"><meta itemprop=\"uploadDate\" content=\"2021-08-18T11:31:21+02:00\">\n\t\t\t\t<video id=\"video_kgvid_0\" playsinline controls preload=\"metadata\" width=\"640\" height=\"360\" class=\"fitvidsignore video-js kg-video-js-skin\">\n\t\t\t\t\t<source src=\"https:\/\/vfm-klausheide.de\/video\/vfm_homepage_video01_compressed.mp4?id=0\" type=\"video\/mp4\" data-res=\"Full\">\n\t\t\t\t<\/video>\n\t\t\t<\/div>\n\t\t<\/div>\n<\/div><\/div><div class=\"w-separator size_small\"><\/div><div class=\"w-btn-wrapper align_center\"><a class=\"w-btn us-btn-style_4\" href=\"\/nl\/flugschule\/\"><span class=\"w-btn-label\">Meer<\/span><\/a><\/div><\/div><\/div><\/div><\/div><\/section><section class=\"l-section wpb_row us_custom_fb36e361 height_huge with_img parallax_fixed with_shape\"><div class=\"l-section-img\" role=\"img\" data-img-width=\"1800\" data-img-height=\"1012\" style=\"background-image: url(https:\/\/vfm-klausheide.de\/wp-content\/uploads\/2019\/11\/IMG_1438-1.jpg);background-repeat: no-repeat;\"><\/div><div class=\"l-section-shape type_tilt pos_top\" style=\"height:5vh;\"><svg xmlns=\"http:\/\/www.w3.org\/2000\/svg\" viewBox=\"0 0 64 8\" preserveAspectRatio=\"none\" width=\"100%\" height=\"100%\">\r\n\t<path fill=\"currentColor\" d=\"M64 7.9 L64 10 L0 10 L0 0 Z\"\/>\r\n<\/svg><\/div><div class=\"l-section-shape type_tilt pos_bottom hor_flip\" style=\"height:5vh;color:var(--color-header-middle-bg)\"><svg xmlns=\"http:\/\/www.w3.org\/2000\/svg\" viewBox=\"0 0 64 8\" preserveAspectRatio=\"none\" width=\"100%\" height=\"100%\">\r\n\t<path fill=\"currentColor\" d=\"M64 7.9 L64 10 L0 10 L0 0 Z\"\/>\r\n<\/svg><\/div><div class=\"l-section-h i-cf\"><div class=\"g-cols vc_row via_grid cols_1 laptops-cols_inherit tablets-cols_inherit mobiles-cols_1 valign_top type_default stacking_default\"><div class=\"wpb_column vc_column_container\"><div class=\"vc_column-inner\"><div class=\"w-separator size_huge\"><\/div><div class=\"w-separator size_huge\"><\/div><div class=\"w-separator size_huge\"><\/div><\/div><\/div><\/div><\/div><\/section><section class=\"l-section wpb_row us_custom_057801f8 height_custom\"><div class=\"l-section-h i-cf\"><div class=\"g-cols vc_row via_grid cols_1 laptops-cols_inherit tablets-cols_inherit mobiles-cols_1 valign_top type_default stacking_default\"><div class=\"wpb_column vc_column_container\"><div class=\"vc_column-inner\">[vc_custom_heading text=&#8221;Vloot&#8221; font_container=&#8221;tag:h2|text_align:center&#8221; use_theme_fonts=&#8221;yes&#8221;]<div class=\"wpb_text_column us_custom_eb849559\"><div class=\"wpb_wrapper\"><p>We beschikken binnen VFM over drie Piper PA 28&#8217;s en \u00e9\u00e9n Cessna 152. Wij gebruiken de Cessna 152 voornamelijk voor training. Het is een robuust, niet al te ingewikkeld uitgerust vliegtuig, dat bij uitstek geschikt is voor beginnerstraining. De Piper PA 28 D-ELLH wordt ook gebruikt voor trainingen, vooral voor cross-country. De andere Pipers vliegen bijvoorbeeld naar de Oost-Friese eilanden, maar Sylt en F\u00f6hr zijn ook populaire reisbestemmingen! Onze vloot maakt vluchten tot in Polen \u00f3f bijvoorbeeld een non-stop naar Veneti\u00eb ook mogelijk.<\/p>\n<\/div><\/div><div class=\"w-separator size_medium\"><\/div><div class=\"g-cols wpb_row via_grid cols_4 laptops-cols_inherit tablets-cols_inherit mobiles-cols_1 valign_top type_default stacking_default\" style=\"--gap:1rem;\"><div class=\"wpb_column vc_column_container\"><div class=\"vc_column-inner\"><div class=\"w-image align_none\"><div class=\"w-image-h\"><img decoding=\"async\" width=\"1024\" height=\"576\" src=\"https:\/\/vfm-klausheide.de\/wp-content\/uploads\/2019\/11\/IMG_1438-1-1024x576.jpg\" class=\"attachment-large size-large\" alt=\"\" loading=\"lazy\" srcset=\"https:\/\/vfm-klausheide.de\/wp-content\/uploads\/2019\/11\/IMG_1438-1-1024x576.jpg 1024w, https:\/\/vfm-klausheide.de\/wp-content\/uploads\/2019\/11\/IMG_1438-1-300x169.jpg 300w, https:\/\/vfm-klausheide.de\/wp-content\/uploads\/2019\/11\/IMG_1438-1-1536x864.jpg 1536w, https:\/\/vfm-klausheide.de\/wp-content\/uploads\/2019\/11\/IMG_1438-1.jpg 1800w\" sizes=\"auto, (max-width: 1024px) 100vw, 1024px\" \/><\/div><\/div><\/div><\/div><div class=\"wpb_column vc_column_container\"><div class=\"vc_column-inner\"><div class=\"w-image align_none\"><div class=\"w-image-h\"><img decoding=\"async\" width=\"1024\" height=\"576\" src=\"https:\/\/vfm-klausheide.de\/wp-content\/uploads\/2019\/11\/IMG_1417-1-1024x576.jpg\" class=\"attachment-large size-large\" alt=\"\" loading=\"lazy\" srcset=\"https:\/\/vfm-klausheide.de\/wp-content\/uploads\/2019\/11\/IMG_1417-1-1024x576.jpg 1024w, https:\/\/vfm-klausheide.de\/wp-content\/uploads\/2019\/11\/IMG_1417-1-300x169.jpg 300w, https:\/\/vfm-klausheide.de\/wp-content\/uploads\/2019\/11\/IMG_1417-1-1536x864.jpg 1536w, https:\/\/vfm-klausheide.de\/wp-content\/uploads\/2019\/11\/IMG_1417-1.jpg 1800w\" sizes=\"auto, (max-width: 1024px) 100vw, 1024px\" \/><\/div><\/div><\/div><\/div><div class=\"wpb_column vc_column_container\"><div class=\"vc_column-inner\"><div class=\"w-image align_none\"><div class=\"w-image-h\"><img decoding=\"async\" width=\"1024\" height=\"576\" src=\"https:\/\/vfm-klausheide.de\/wp-content\/uploads\/2019\/11\/IMG_1453-1-1024x576.jpg\" class=\"attachment-large size-large\" alt=\"\" loading=\"lazy\" srcset=\"https:\/\/vfm-klausheide.de\/wp-content\/uploads\/2019\/11\/IMG_1453-1-1024x576.jpg 1024w, https:\/\/vfm-klausheide.de\/wp-content\/uploads\/2019\/11\/IMG_1453-1-300x169.jpg 300w, https:\/\/vfm-klausheide.de\/wp-content\/uploads\/2019\/11\/IMG_1453-1-1536x864.jpg 1536w, https:\/\/vfm-klausheide.de\/wp-content\/uploads\/2019\/11\/IMG_1453-1.jpg 1800w\" sizes=\"auto, (max-width: 1024px) 100vw, 1024px\" \/><\/div><\/div><\/div><\/div><div class=\"wpb_column vc_column_container\"><div class=\"vc_column-inner\"><div class=\"w-image align_none\"><div class=\"w-image-h\"><img decoding=\"async\" width=\"1024\" height=\"576\" src=\"https:\/\/vfm-klausheide.de\/wp-content\/uploads\/2019\/11\/Fox-Mike_1.2_1.36.1-1-1024x576.jpg\" class=\"attachment-large size-large\" alt=\"\" loading=\"lazy\" srcset=\"https:\/\/vfm-klausheide.de\/wp-content\/uploads\/2019\/11\/Fox-Mike_1.2_1.36.1-1-1024x576.jpg 1024w, https:\/\/vfm-klausheide.de\/wp-content\/uploads\/2019\/11\/Fox-Mike_1.2_1.36.1-1-300x169.jpg 300w, https:\/\/vfm-klausheide.de\/wp-content\/uploads\/2019\/11\/Fox-Mike_1.2_1.36.1-1-1536x864.jpg 1536w, https:\/\/vfm-klausheide.de\/wp-content\/uploads\/2019\/11\/Fox-Mike_1.2_1.36.1-1.jpg 1800w\" sizes=\"auto, (max-width: 1024px) 100vw, 1024px\" \/><\/div><\/div><\/div><\/div><\/div><div class=\"w-separator size_medium\"><\/div><div class=\"w-btn-wrapper align_center\"><a class=\"w-btn us-btn-style_4\" href=\"\/nl\/flotte\/\"><span class=\"w-btn-label\">bekijk onze vloot<\/span><\/a><\/div><\/div><\/div><\/div><\/div><\/section>\n","protected":false},"excerpt":{"rendered":"[vc_custom_heading text=\"Vereniging voor Motorflug e.V.\" font_container=\"tag:h2|text_align:center\" use_theme_fonts=\"yes\"]Wat is er mooier dan vliegen? Erg weinig. Als je eenmaal door een regenboog bent gevlogen, laat je het vliegen niet meer los. Als je over dingen zweeft, worden veel dingen in perspectief geplaatst &#8211; je krijgt een andere kijk op de wereld. Meer [vc_custom_heading text=\"Vloot\" font_container=\"tag:h2|text_align:center\" use_theme_fonts=\"yes\"]We beschikken...","protected":false},"author":1,"featured_media":4627,"parent":0,"menu_order":0,"comment_status":"closed","ping_status":"closed","template":"","meta":{"_acf_changed":false,"footnotes":""},"class_list":["post-4703","page","type-page","status-publish","has-post-thumbnail","hentry"],"acf":[],"yoast_head":"<!-- This site is optimized with the Yoast SEO plugin v27.3 - https:\/\/yoast.com\/product\/yoast-seo-wordpress\/ -->\n<title>Startseite<\/title>\n<meta name=\"robots\" content=\"index, follow, max-snippet:-1, max-image-preview:large, max-video-preview:-1\" \/>\n<link rel=\"canonical\" href=\"https:\/\/vfm-klausheide.de\/nl\/\" \/>\n<meta property=\"og:locale\" content=\"nl_NL\" \/>\n<meta property=\"og:type\" content=\"article\" \/>\n<meta property=\"og:title\" content=\"Startseite\" \/>\n<meta property=\"og:url\" content=\"https:\/\/vfm-klausheide.de\/nl\/\" \/>\n<meta property=\"og:site_name\" content=\"VFM - Verein f\u00fcr Motorflug Klausheide eV\" \/>\n<meta property=\"article:publisher\" content=\"https:\/\/www.facebook.com\/VFMKlausheide\/\" \/>\n<meta property=\"article:modified_time\" content=\"2024-03-16T17:09:03+00:00\" \/>\n<meta property=\"og:image\" content=\"https:\/\/vfm-klausheide.de\/wp-content\/uploads\/2019\/11\/D_EFYH-Yankee-Hotel5.jpg\" \/>\n\t<meta property=\"og:image:width\" content=\"1800\" \/>\n\t<meta property=\"og:image:height\" content=\"1012\" \/>\n\t<meta property=\"og:image:type\" content=\"image\/jpeg\" \/>\n<meta name=\"twitter:card\" content=\"summary_large_image\" \/>\n<meta name=\"twitter:label1\" content=\"Geschatte leestijd\" \/>\n\t<meta name=\"twitter:data1\" content=\"2 minuten\" \/>\n<script type=\"application\/ld+json\" class=\"yoast-schema-graph\">{\"@context\":\"https:\\\/\\\/schema.org\",\"@graph\":[{\"@type\":\"WebPage\",\"@id\":\"https:\\\/\\\/vfm-klausheide.de\\\/nl\\\/\",\"url\":\"https:\\\/\\\/vfm-klausheide.de\\\/nl\\\/\",\"name\":\"Startseite\",\"isPartOf\":{\"@id\":\"https:\\\/\\\/vfm-klausheide.de\\\/#website\"},\"primaryImageOfPage\":{\"@id\":\"https:\\\/\\\/vfm-klausheide.de\\\/nl\\\/#primaryimage\"},\"image\":{\"@id\":\"https:\\\/\\\/vfm-klausheide.de\\\/nl\\\/#primaryimage\"},\"thumbnailUrl\":\"https:\\\/\\\/vfm-klausheide.de\\\/wp-content\\\/uploads\\\/2019\\\/11\\\/D_EFYH-Yankee-Hotel5.jpg\",\"datePublished\":\"2021-08-18T11:31:21+00:00\",\"dateModified\":\"2024-03-16T17:09:03+00:00\",\"breadcrumb\":{\"@id\":\"https:\\\/\\\/vfm-klausheide.de\\\/nl\\\/#breadcrumb\"},\"inLanguage\":\"nl-NL\",\"potentialAction\":[{\"@type\":\"ReadAction\",\"target\":[\"https:\\\/\\\/vfm-klausheide.de\\\/nl\\\/\"]}]},{\"@type\":\"ImageObject\",\"inLanguage\":\"nl-NL\",\"@id\":\"https:\\\/\\\/vfm-klausheide.de\\\/nl\\\/#primaryimage\",\"url\":\"https:\\\/\\\/vfm-klausheide.de\\\/wp-content\\\/uploads\\\/2019\\\/11\\\/D_EFYH-Yankee-Hotel5.jpg\",\"contentUrl\":\"https:\\\/\\\/vfm-klausheide.de\\\/wp-content\\\/uploads\\\/2019\\\/11\\\/D_EFYH-Yankee-Hotel5.jpg\",\"width\":1800,\"height\":1012},{\"@type\":\"BreadcrumbList\",\"@id\":\"https:\\\/\\\/vfm-klausheide.de\\\/nl\\\/#breadcrumb\",\"itemListElement\":[{\"@type\":\"ListItem\",\"position\":1,\"name\":\"Startseite\",\"item\":\"https:\\\/\\\/vfm-klausheide.de\\\/nl\\\/\"},{\"@type\":\"ListItem\",\"position\":2,\"name\":\"Startseite\"}]},{\"@type\":\"WebSite\",\"@id\":\"https:\\\/\\\/vfm-klausheide.de\\\/#website\",\"url\":\"https:\\\/\\\/vfm-klausheide.de\\\/\",\"name\":\"VFM - Verein f\u00fcr Motorflug Klausheide eV\",\"description\":\"Verein f\u00fcr Motorflug Klausheide\",\"publisher\":{\"@id\":\"https:\\\/\\\/vfm-klausheide.de\\\/#organization\"},\"potentialAction\":[{\"@type\":\"SearchAction\",\"target\":{\"@type\":\"EntryPoint\",\"urlTemplate\":\"https:\\\/\\\/vfm-klausheide.de\\\/?s={search_term_string}\"},\"query-input\":{\"@type\":\"PropertyValueSpecification\",\"valueRequired\":true,\"valueName\":\"search_term_string\"}}],\"inLanguage\":\"nl-NL\"},{\"@type\":\"Organization\",\"@id\":\"https:\\\/\\\/vfm-klausheide.de\\\/#organization\",\"name\":\"Verein f\u00fcr Motorflug e.V.\",\"url\":\"https:\\\/\\\/vfm-klausheide.de\\\/\",\"logo\":{\"@type\":\"ImageObject\",\"inLanguage\":\"nl-NL\",\"@id\":\"https:\\\/\\\/vfm-klausheide.de\\\/#\\\/schema\\\/logo\\\/image\\\/\",\"url\":\"https:\\\/\\\/vfm-klausheide.de\\\/wp-content\\\/uploads\\\/2019\\\/11\\\/VfM-Logo.png\",\"contentUrl\":\"https:\\\/\\\/vfm-klausheide.de\\\/wp-content\\\/uploads\\\/2019\\\/11\\\/VfM-Logo.png\",\"width\":1191,\"height\":730,\"caption\":\"Verein f\u00fcr Motorflug e.V.\"},\"image\":{\"@id\":\"https:\\\/\\\/vfm-klausheide.de\\\/#\\\/schema\\\/logo\\\/image\\\/\"},\"sameAs\":[\"https:\\\/\\\/www.facebook.com\\\/VFMKlausheide\\\/\",\"https:\\\/\\\/www.instagram.com\\\/vfmklausheide\\\/\"]}]}<\/script>\n<!-- \/ Yoast SEO plugin. -->","yoast_head_json":{"title":"Startseite","robots":{"index":"index","follow":"follow","max-snippet":"max-snippet:-1","max-image-preview":"max-image-preview:large","max-video-preview":"max-video-preview:-1"},"canonical":"https:\/\/vfm-klausheide.de\/nl\/","og_locale":"nl_NL","og_type":"article","og_title":"Startseite","og_url":"https:\/\/vfm-klausheide.de\/nl\/","og_site_name":"VFM - Verein f\u00fcr Motorflug Klausheide eV","article_publisher":"https:\/\/www.facebook.com\/VFMKlausheide\/","article_modified_time":"2024-03-16T17:09:03+00:00","og_image":[{"width":1800,"height":1012,"url":"https:\/\/vfm-klausheide.de\/wp-content\/uploads\/2019\/11\/D_EFYH-Yankee-Hotel5.jpg","type":"image\/jpeg"}],"twitter_card":"summary_large_image","twitter_misc":{"Geschatte leestijd":"2 minuten"},"schema":{"@context":"https:\/\/schema.org","@graph":[{"@type":"WebPage","@id":"https:\/\/vfm-klausheide.de\/nl\/","url":"https:\/\/vfm-klausheide.de\/nl\/","name":"Startseite","isPartOf":{"@id":"https:\/\/vfm-klausheide.de\/#website"},"primaryImageOfPage":{"@id":"https:\/\/vfm-klausheide.de\/nl\/#primaryimage"},"image":{"@id":"https:\/\/vfm-klausheide.de\/nl\/#primaryimage"},"thumbnailUrl":"https:\/\/vfm-klausheide.de\/wp-content\/uploads\/2019\/11\/D_EFYH-Yankee-Hotel5.jpg","datePublished":"2021-08-18T11:31:21+00:00","dateModified":"2024-03-16T17:09:03+00:00","breadcrumb":{"@id":"https:\/\/vfm-klausheide.de\/nl\/#breadcrumb"},"inLanguage":"nl-NL","potentialAction":[{"@type":"ReadAction","target":["https:\/\/vfm-klausheide.de\/nl\/"]}]},{"@type":"ImageObject","inLanguage":"nl-NL","@id":"https:\/\/vfm-klausheide.de\/nl\/#primaryimage","url":"https:\/\/vfm-klausheide.de\/wp-content\/uploads\/2019\/11\/D_EFYH-Yankee-Hotel5.jpg","contentUrl":"https:\/\/vfm-klausheide.de\/wp-content\/uploads\/2019\/11\/D_EFYH-Yankee-Hotel5.jpg","width":1800,"height":1012},{"@type":"BreadcrumbList","@id":"https:\/\/vfm-klausheide.de\/nl\/#breadcrumb","itemListElement":[{"@type":"ListItem","position":1,"name":"Startseite","item":"https:\/\/vfm-klausheide.de\/nl\/"},{"@type":"ListItem","position":2,"name":"Startseite"}]},{"@type":"WebSite","@id":"https:\/\/vfm-klausheide.de\/#website","url":"https:\/\/vfm-klausheide.de\/","name":"VFM - Verein f\u00fcr Motorflug Klausheide eV","description":"Verein f\u00fcr Motorflug Klausheide","publisher":{"@id":"https:\/\/vfm-klausheide.de\/#organization"},"potentialAction":[{"@type":"SearchAction","target":{"@type":"EntryPoint","urlTemplate":"https:\/\/vfm-klausheide.de\/?s={search_term_string}"},"query-input":{"@type":"PropertyValueSpecification","valueRequired":true,"valueName":"search_term_string"}}],"inLanguage":"nl-NL"},{"@type":"Organization","@id":"https:\/\/vfm-klausheide.de\/#organization","name":"Verein f\u00fcr Motorflug e.V.","url":"https:\/\/vfm-klausheide.de\/","logo":{"@type":"ImageObject","inLanguage":"nl-NL","@id":"https:\/\/vfm-klausheide.de\/#\/schema\/logo\/image\/","url":"https:\/\/vfm-klausheide.de\/wp-content\/uploads\/2019\/11\/VfM-Logo.png","contentUrl":"https:\/\/vfm-klausheide.de\/wp-content\/uploads\/2019\/11\/VfM-Logo.png","width":1191,"height":730,"caption":"Verein f\u00fcr Motorflug e.V."},"image":{"@id":"https:\/\/vfm-klausheide.de\/#\/schema\/logo\/image\/"},"sameAs":["https:\/\/www.facebook.com\/VFMKlausheide\/","https:\/\/www.instagram.com\/vfmklausheide\/"]}]}},"_links":{"self":[{"href":"https:\/\/vfm-klausheide.de\/nl\/wp-json\/wp\/v2\/pages\/4703","targetHints":{"allow":["GET"]}}],"collection":[{"href":"https:\/\/vfm-klausheide.de\/nl\/wp-json\/wp\/v2\/pages"}],"about":[{"href":"https:\/\/vfm-klausheide.de\/nl\/wp-json\/wp\/v2\/types\/page"}],"author":[{"embeddable":true,"href":"https:\/\/vfm-klausheide.de\/nl\/wp-json\/wp\/v2\/users\/1"}],"replies":[{"embeddable":true,"href":"https:\/\/vfm-klausheide.de\/nl\/wp-json\/wp\/v2\/comments?post=4703"}],"version-history":[{"count":2,"href":"https:\/\/vfm-klausheide.de\/nl\/wp-json\/wp\/v2\/pages\/4703\/revisions"}],"predecessor-version":[{"id":4772,"href":"https:\/\/vfm-klausheide.de\/nl\/wp-json\/wp\/v2\/pages\/4703\/revisions\/4772"}],"wp:featuredmedia":[{"embeddable":true,"href":"https:\/\/vfm-klausheide.de\/nl\/wp-json\/wp\/v2\/media\/4627"}],"wp:attachment":[{"href":"https:\/\/vfm-klausheide.de\/nl\/wp-json\/wp\/v2\/media?parent=4703"}],"curies":[{"name":"wp","href":"https:\/\/api.w.org\/{rel}","templated":true}]}}