{"id":4677,"date":"2021-08-23T07:55:22","date_gmt":"2021-08-23T07:55:22","guid":{"rendered":"https:\/\/vfm-klausheide.de\/kontakt\/"},"modified":"2021-11-23T11:24:12","modified_gmt":"2021-11-23T10:24:12","slug":"kontakt","status":"publish","type":"page","link":"https:\/\/vfm-klausheide.de\/nl\/kontakt\/","title":{"rendered":"Contact"},"content":{"rendered":"<section class=\"l-section wpb_row us_custom_f0654f23 height_huge\"><div class=\"l-section-h i-cf\"><div class=\"g-cols vc_row via_grid cols_1 laptops-cols_inherit tablets-cols_inherit mobiles-cols_1 valign_top type_default stacking_default\"><div class=\"wpb_column vc_column_container\"><div class=\"vc_column-inner\"><div class=\"w-separator size_huge\"><\/div><h1 class=\"w-post-elm post_title us_custom_836f727b has_text_color entry-title color_link_inherit\">Contact<\/h1><\/div><\/div><\/div><\/div><\/section><section class=\"l-section wpb_row height_custom\"><div class=\"l-section-h i-cf\"><div class=\"g-cols vc_row via_grid cols_1 laptops-cols_inherit tablets-cols_inherit mobiles-cols_1 valign_top type_default stacking_default\"><div class=\"wpb_column vc_column_container\"><div class=\"vc_column-inner\"><form class=\"w-form  layout_ver for_cform us_form_1\" autocomplete=\"off\" action=\"https:\/\/vfm-klausheide.de\/nl\/wp-json\/wp\/v2\/pages\/4677\" method=\"post\"><div class=\"w-form-h\"><div class=\"w-form-row for_text has_label move_label required with_icon\">\r\n\t\t\t<div class=\"w-form-row-label\">\r\n\t\t\t<span>Name *<\/span>\r\n\t\t<\/div>\r\n\t\t<div class=\"w-form-row-field\">\r\n\t\t\t\t<i class=\"far fa-user\"><\/i>\t\t<input aria-label=\"Name\" type=\"text\" name=\"us_form_1_text_1\" value placeholder data-required=\"true\" aria-required=\"true\"\/>\r\n\t\t\t<\/div>\r\n\t\t<div class=\"w-form-row-state\">Dit is een verplicht veld<\/div>\r\n<\/div>\r\n<div class=\"w-form-row for_email has_label move_label required with_icon\">\r\n\t\t\t<div class=\"w-form-row-label\">\r\n\t\t\t<span>Email *<\/span>\r\n\t\t<\/div>\r\n\t\t<div class=\"w-form-row-field\">\r\n\t\t\t\t<i class=\"far fa-envelope\"><\/i>\t\t<input aria-label=\"Email\" type=\"email\" name=\"us_form_1_email_1\" value placeholder data-required=\"true\" aria-required=\"true\"\/>\r\n\t\t\t<\/div>\r\n\t\t<div class=\"w-form-row-state\">Een geldig e-mailadres invoeren.<\/div>\r\n<\/div>\r\n<div class=\"w-form-row for_select has_label with_icon\">\r\n\t\t\t<div class=\"w-form-row-label\">\r\n\t\t\t<span>Betreff<\/span>\r\n\t\t<\/div>\r\n\t\t<div class=\"w-form-row-field\">\r\n\t\t\t\t<i class=\"far fa-info-square\"><\/i>\t\t<select aria-label=\"Betreff\" name=\"us_form_1_select_1\">\r\n\t\t\t<option value=\"Allgemein\">Allgemein<\/option><option value=\"Termin\">Termin<\/option><option value=\"Flugschule\">Flugschule<\/option><option value=\"Flotte\">Flotte<\/option>\t\t<\/select>\r\n\t\t\t<\/div>\r\n\t\t<div class=\"w-form-row-state\">Selecteer een optie<\/div>\r\n<\/div>\r\n<div class=\"w-form-row for_textarea has_label move_label required with_icon\">\r\n\t\t\t<div class=\"w-form-row-label\">\r\n\t\t\t<span>Nachricht *<\/span>\r\n\t\t<\/div>\r\n\t\t<div class=\"w-form-row-field\">\r\n\t\t\t\t<i class=\"far fa-comment-alt-lines\"><\/i>\t\t<textarea aria-label=\"Nachricht\" name=\"us_form_1_textarea_1\" placeholder data-required=\"true\" aria-required=\"true\"><\/textarea>\r\n\t\t\t<\/div>\r\n\t\t<div class=\"w-form-row-state\">Dit is een verplicht veld<\/div>\r\n<\/div>\r\n<div class=\"w-form-row for_agreement required\">\r\n\t\t\t<div class=\"w-form-row-label\">\r\n\t\t\t<span>Datenschutz <span class=\"required\">*<\/span><\/span>\r\n\t\t<\/div>\r\n\t\t<div class=\"w-form-row-field\">\r\n\t\t\t\t<label>\r\n\t\t\t<input type=\"checkbox\" value=\"1\" data-required=\"true\" aria-required=\"true\" name=\"us_form_1_agreement_1\"\/>\r\n\t\t\t<span>Wir speichern Ihre angegebenen Daten ausschlie\u00dflich zur Bearbeitung Ihrer Anfrage und f\u00fcr den Fall m\u00f6glicher Anschlussfragen. Diese Daten geben wir nicht an Dritte weiter. Sie haben das Recht auf Widerruf. Alle Infos hierzu finden Sie in unserer <a href=\"\/datenschutz\/\" target=\"_blank\">Datenschutzerkl\u00e4rung<\/a>. Mit Ihrer Best\u00e4tigung stimmen Sie den genannten Bedingungen zu.<\/span>\r\n\t\t<\/label>\r\n\t\t\t<\/div>\r\n\t\t<div class=\"w-form-row-state\">Accepteer de voorwaarden om door te gaan<\/div>\r\n<\/div>\r\n<input type=\"hidden\" name=\"action\" value=\"us_ajax_cform\" \/>\r\n<input type=\"hidden\" name=\"post_id\" value=\"0\" \/>\r\n<input type=\"hidden\" name=\"form_index\" value=\"1\" \/>\r\n<div class=\"w-form-row for_submit align_none\">\r\n\t<button class=\"w-btn  us-btn-style_1\" aria-label=\"Indienen\" type=\"submit\">\r\n\t\t<span class=\"g-preloader type_1\"><\/span>\r\n\t\t\t\t<span class=\"w-btn-label\">Indienen<\/span>\r\n\t\t\t<\/button>\r\n\t<\/div>\r\n<\/div><div class=\"w-form-message\"><\/div><div class=\"w-form-json hidden\" onclick='return {&quot;ajaxurl&quot;:&quot;https:\\\/\\\/vfm-klausheide.de\\\/wp-admin\\\/admin-ajax.php&quot;,&quot;messages&quot;:{&quot;err_empty&quot;:&quot;Dit is een verplicht veld&quot;,&quot;err_size&quot;:&quot;File size cannot exceed %s MB&quot;,&quot;err_extension&quot;:&quot;%s file type is not allowed&quot;}}'><\/div><\/form><\/div><\/div><\/div><\/div><\/section><section class=\"l-section wpb_row height_custom\"><div class=\"l-section-h i-cf\"><div class=\"g-cols vc_row via_grid cols_1 laptops-cols_inherit tablets-cols_inherit mobiles-cols_1 valign_top type_default stacking_default\"><div class=\"wpb_column vc_column_container\"><div class=\"vc_column-inner\"><\/div><\/div><\/div><\/div><\/section><section class=\"l-section wpb_row height_custom\"><div class=\"l-section-h i-cf\"><div class=\"g-cols vc_row via_grid cols_1 laptops-cols_inherit tablets-cols_inherit mobiles-cols_1 valign_top type_default stacking_default\"><div class=\"wpb_column vc_column_container\"><div class=\"vc_column-inner\">[vc_raw_html]JTNDaWZyYW1lJTIwc3JjJTNEJTIyaHR0cHMlM0ElMkYlMkZ3d3cuZ29vZ2xlLmNvbSUyRm1hcHMlMkZlbWJlZCUzRnBiJTNEJTIxMW0xNCUyMTFtOCUyMTFtMyUyMTFkOTcyNC43NDcyNzE3OTI1MzglMjEyZDcuMTc2MTI3MDAwMDAwMDAxJTIxM2Q1Mi40NTc2NDQlMjEzbTIlMjExaTEwMjQlMjEyaTc2OCUyMTRmMTMuMSUyMTNtMyUyMTFtMiUyMTFzMHgwJTI1M0EweDU1OWE4NjkzNjVmNmIyMDQlMjEyc1ZlcmVpbiUyNTIwZiUyNUMzJTI1QkNyJTI1MjBNb3RvcmZsdWclMjUyMEtsYXVzaGVpZGUlMjUyMGUuVi4lMjUyMC0lMjUyMEZsdWdzY2h1bGUlMjE1ZTAlMjEzbTIlMjExc2RlJTIxMnNkZSUyMTR2MTYyOTcwNzkwMDUyMyUyMTVtMiUyMTFzZGUlMjEyc2RlJTIyJTIwd2lkdGglM0QlMjIxMDAlMjUlMjIlMjBoZWlnaHQlM0QlMjI0NTAlMjIlMjBzdHlsZSUzRCUyMmJvcmRlciUzQTAlM0IlMjIlMjBhbGxvd2Z1bGxzY3JlZW4lM0QlMjIlMjIlMjBsb2FkaW5nJTNEJTIybGF6eSUyMiUzRSUzQyUyRmlmcmFtZSUzRQ==[\/vc_raw_html]<\/div><\/div><\/div><\/div><\/section>\n","protected":false},"excerpt":{"rendered":"Contact Name * Dit is een verplicht veld Email * Een geldig e-mailadres invoeren. Betreff AllgemeinTerminFlugschuleFlotte Selecteer een optie Nachricht * Dit is een verplicht veld Datenschutz * Wir speichern Ihre angegebenen Daten ausschlie\u00dflich zur Bearbeitung Ihrer Anfrage und f\u00fcr den Fall m\u00f6glicher Anschlussfragen. Diese Daten geben wir nicht an Dritte weiter. Sie haben das...","protected":false},"author":1,"featured_media":0,"parent":0,"menu_order":0,"comment_status":"closed","ping_status":"closed","template":"","meta":{"_acf_changed":false,"footnotes":""},"class_list":["post-4677","page","type-page","status-publish","hentry"],"acf":[],"yoast_head":"<!-- This site is optimized with the Yoast SEO plugin v27.5 - https:\/\/yoast.com\/product\/yoast-seo-wordpress\/ -->\n<title>Contact<\/title>\n<meta name=\"robots\" content=\"index, follow, max-snippet:-1, max-image-preview:large, max-video-preview:-1\" \/>\n<link rel=\"canonical\" href=\"https:\/\/vfm-klausheide.de\/nl\/kontakt\/\" \/>\n<meta property=\"og:locale\" content=\"nl_NL\" \/>\n<meta property=\"og:type\" content=\"article\" \/>\n<meta property=\"og:title\" content=\"Contact\" \/>\n<meta property=\"og:url\" content=\"https:\/\/vfm-klausheide.de\/nl\/kontakt\/\" \/>\n<meta property=\"og:site_name\" content=\"VFM - Verein f\u00fcr Motorflug Klausheide eV\" \/>\n<meta property=\"article:publisher\" content=\"https:\/\/www.facebook.com\/VFMKlausheide\/\" \/>\n<meta property=\"article:modified_time\" content=\"2021-11-23T10:24:12+00:00\" \/>\n<meta property=\"og:image\" content=\"https:\/\/vfm-klausheide.de\/wp-content\/uploads\/2021\/08\/favicon-1.png\" \/>\n\t<meta property=\"og:image:width\" content=\"512\" \/>\n\t<meta property=\"og:image:height\" content=\"512\" \/>\n\t<meta property=\"og:image:type\" content=\"image\/png\" \/>\n<meta name=\"twitter:card\" content=\"summary_large_image\" \/>\n<meta name=\"twitter:label1\" content=\"Geschatte leestijd\" \/>\n\t<meta name=\"twitter:data1\" content=\"2 minuten\" \/>\n<script type=\"application\/ld+json\" class=\"yoast-schema-graph\">{\"@context\":\"https:\\\/\\\/schema.org\",\"@graph\":[{\"@type\":\"WebPage\",\"@id\":\"https:\\\/\\\/vfm-klausheide.de\\\/nl\\\/kontakt\\\/\",\"url\":\"https:\\\/\\\/vfm-klausheide.de\\\/nl\\\/kontakt\\\/\",\"name\":\"Contact\",\"isPartOf\":{\"@id\":\"https:\\\/\\\/vfm-klausheide.de\\\/#website\"},\"datePublished\":\"2021-08-23T07:55:22+00:00\",\"dateModified\":\"2021-11-23T10:24:12+00:00\",\"breadcrumb\":{\"@id\":\"https:\\\/\\\/vfm-klausheide.de\\\/nl\\\/kontakt\\\/#breadcrumb\"},\"inLanguage\":\"nl-NL\",\"potentialAction\":[{\"@type\":\"ReadAction\",\"target\":[\"https:\\\/\\\/vfm-klausheide.de\\\/nl\\\/kontakt\\\/\"]}]},{\"@type\":\"BreadcrumbList\",\"@id\":\"https:\\\/\\\/vfm-klausheide.de\\\/nl\\\/kontakt\\\/#breadcrumb\",\"itemListElement\":[{\"@type\":\"ListItem\",\"position\":1,\"name\":\"Startseite\",\"item\":\"https:\\\/\\\/vfm-klausheide.de\\\/nl\\\/\"},{\"@type\":\"ListItem\",\"position\":2,\"name\":\"Contact\"}]},{\"@type\":\"WebSite\",\"@id\":\"https:\\\/\\\/vfm-klausheide.de\\\/#website\",\"url\":\"https:\\\/\\\/vfm-klausheide.de\\\/\",\"name\":\"VFM - Verein f\u00fcr Motorflug Klausheide eV\",\"description\":\"Verein f\u00fcr Motorflug Klausheide\",\"publisher\":{\"@id\":\"https:\\\/\\\/vfm-klausheide.de\\\/#organization\"},\"potentialAction\":[{\"@type\":\"SearchAction\",\"target\":{\"@type\":\"EntryPoint\",\"urlTemplate\":\"https:\\\/\\\/vfm-klausheide.de\\\/?s={search_term_string}\"},\"query-input\":{\"@type\":\"PropertyValueSpecification\",\"valueRequired\":true,\"valueName\":\"search_term_string\"}}],\"inLanguage\":\"nl-NL\"},{\"@type\":\"Organization\",\"@id\":\"https:\\\/\\\/vfm-klausheide.de\\\/#organization\",\"name\":\"Verein f\u00fcr Motorflug e.V.\",\"url\":\"https:\\\/\\\/vfm-klausheide.de\\\/\",\"logo\":{\"@type\":\"ImageObject\",\"inLanguage\":\"nl-NL\",\"@id\":\"https:\\\/\\\/vfm-klausheide.de\\\/#\\\/schema\\\/logo\\\/image\\\/\",\"url\":\"https:\\\/\\\/vfm-klausheide.de\\\/wp-content\\\/uploads\\\/2019\\\/11\\\/VfM-Logo.png\",\"contentUrl\":\"https:\\\/\\\/vfm-klausheide.de\\\/wp-content\\\/uploads\\\/2019\\\/11\\\/VfM-Logo.png\",\"width\":1191,\"height\":730,\"caption\":\"Verein f\u00fcr Motorflug e.V.\"},\"image\":{\"@id\":\"https:\\\/\\\/vfm-klausheide.de\\\/#\\\/schema\\\/logo\\\/image\\\/\"},\"sameAs\":[\"https:\\\/\\\/www.facebook.com\\\/VFMKlausheide\\\/\",\"https:\\\/\\\/www.instagram.com\\\/vfmklausheide\\\/\"]}]}<\/script>\n<!-- \/ Yoast SEO plugin. -->","yoast_head_json":{"title":"Contact","robots":{"index":"index","follow":"follow","max-snippet":"max-snippet:-1","max-image-preview":"max-image-preview:large","max-video-preview":"max-video-preview:-1"},"canonical":"https:\/\/vfm-klausheide.de\/nl\/kontakt\/","og_locale":"nl_NL","og_type":"article","og_title":"Contact","og_url":"https:\/\/vfm-klausheide.de\/nl\/kontakt\/","og_site_name":"VFM - Verein f\u00fcr Motorflug Klausheide eV","article_publisher":"https:\/\/www.facebook.com\/VFMKlausheide\/","article_modified_time":"2021-11-23T10:24:12+00:00","og_image":[{"width":512,"height":512,"url":"https:\/\/vfm-klausheide.de\/wp-content\/uploads\/2021\/08\/favicon-1.png","type":"image\/png"}],"twitter_card":"summary_large_image","twitter_misc":{"Geschatte leestijd":"2 minuten"},"schema":{"@context":"https:\/\/schema.org","@graph":[{"@type":"WebPage","@id":"https:\/\/vfm-klausheide.de\/nl\/kontakt\/","url":"https:\/\/vfm-klausheide.de\/nl\/kontakt\/","name":"Contact","isPartOf":{"@id":"https:\/\/vfm-klausheide.de\/#website"},"datePublished":"2021-08-23T07:55:22+00:00","dateModified":"2021-11-23T10:24:12+00:00","breadcrumb":{"@id":"https:\/\/vfm-klausheide.de\/nl\/kontakt\/#breadcrumb"},"inLanguage":"nl-NL","potentialAction":[{"@type":"ReadAction","target":["https:\/\/vfm-klausheide.de\/nl\/kontakt\/"]}]},{"@type":"BreadcrumbList","@id":"https:\/\/vfm-klausheide.de\/nl\/kontakt\/#breadcrumb","itemListElement":[{"@type":"ListItem","position":1,"name":"Startseite","item":"https:\/\/vfm-klausheide.de\/nl\/"},{"@type":"ListItem","position":2,"name":"Contact"}]},{"@type":"WebSite","@id":"https:\/\/vfm-klausheide.de\/#website","url":"https:\/\/vfm-klausheide.de\/","name":"VFM - Verein f\u00fcr Motorflug Klausheide eV","description":"Verein f\u00fcr Motorflug Klausheide","publisher":{"@id":"https:\/\/vfm-klausheide.de\/#organization"},"potentialAction":[{"@type":"SearchAction","target":{"@type":"EntryPoint","urlTemplate":"https:\/\/vfm-klausheide.de\/?s={search_term_string}"},"query-input":{"@type":"PropertyValueSpecification","valueRequired":true,"valueName":"search_term_string"}}],"inLanguage":"nl-NL"},{"@type":"Organization","@id":"https:\/\/vfm-klausheide.de\/#organization","name":"Verein f\u00fcr Motorflug e.V.","url":"https:\/\/vfm-klausheide.de\/","logo":{"@type":"ImageObject","inLanguage":"nl-NL","@id":"https:\/\/vfm-klausheide.de\/#\/schema\/logo\/image\/","url":"https:\/\/vfm-klausheide.de\/wp-content\/uploads\/2019\/11\/VfM-Logo.png","contentUrl":"https:\/\/vfm-klausheide.de\/wp-content\/uploads\/2019\/11\/VfM-Logo.png","width":1191,"height":730,"caption":"Verein f\u00fcr Motorflug e.V."},"image":{"@id":"https:\/\/vfm-klausheide.de\/#\/schema\/logo\/image\/"},"sameAs":["https:\/\/www.facebook.com\/VFMKlausheide\/","https:\/\/www.instagram.com\/vfmklausheide\/"]}]}},"_links":{"self":[{"href":"https:\/\/vfm-klausheide.de\/nl\/wp-json\/wp\/v2\/pages\/4677","targetHints":{"allow":["GET"]}}],"collection":[{"href":"https:\/\/vfm-klausheide.de\/nl\/wp-json\/wp\/v2\/pages"}],"about":[{"href":"https:\/\/vfm-klausheide.de\/nl\/wp-json\/wp\/v2\/types\/page"}],"author":[{"embeddable":true,"href":"https:\/\/vfm-klausheide.de\/nl\/wp-json\/wp\/v2\/users\/1"}],"replies":[{"embeddable":true,"href":"https:\/\/vfm-klausheide.de\/nl\/wp-json\/wp\/v2\/comments?post=4677"}],"version-history":[{"count":1,"href":"https:\/\/vfm-klausheide.de\/nl\/wp-json\/wp\/v2\/pages\/4677\/revisions"}],"predecessor-version":[{"id":4761,"href":"https:\/\/vfm-klausheide.de\/nl\/wp-json\/wp\/v2\/pages\/4677\/revisions\/4761"}],"wp:attachment":[{"href":"https:\/\/vfm-klausheide.de\/nl\/wp-json\/wp\/v2\/media?parent=4677"}],"curies":[{"name":"wp","href":"https:\/\/api.w.org\/{rel}","templated":true}]}}