{"id":4675,"date":"2021-08-23T08:41:41","date_gmt":"2021-08-23T08:41:41","guid":{"rendered":"https:\/\/vfm-klausheide.de\/impressum\/"},"modified":"2021-08-23T08:41:41","modified_gmt":"2021-08-23T08:41:41","slug":"impressum","status":"publish","type":"page","link":"https:\/\/vfm-klausheide.de\/nl\/impressum\/","title":{"rendered":"Impressum"},"content":{"rendered":"<section class=\"l-section wpb_row us_custom_9870f1ec height_huge\"><div class=\"l-section-overlay\" style=\"background:rgba(26,26,26,0.70)\"><\/div><div class=\"l-section-h i-cf\"><div class=\"g-cols vc_row via_grid cols_1 laptops-cols_inherit tablets-cols_inherit mobiles-cols_1 valign_top type_default stacking_default\"><div class=\"wpb_column vc_column_container\"><div class=\"vc_column-inner\"><div class=\"w-separator size_huge\"><\/div><h1 class=\"w-post-elm post_title us_custom_836f727b has_text_color entry-title color_link_inherit\">Impressum<\/h1><\/div><\/div><\/div><\/div><\/section><section class=\"l-section wpb_row impressum__datenschutz height_custom\"><div class=\"l-section-h i-cf\"><div class=\"g-cols vc_row via_grid cols_2 laptops-cols_inherit tablets-cols_inherit mobiles-cols_1 valign_top type_default stacking_default\"><div class=\"wpb_column vc_column_container\"><div class=\"vc_column-inner\"><div class=\"wpb_text_column\"><div class=\"wpb_wrapper\"><h2>Angaben gem\u00e4\u00df \u00a7 5 TMG<\/h2>\n<p>Verein f\u00fcr Motorflug Klausheide e.V.<br \/>\nFlugplatzstra\u00dfe 56<br \/>\n48531 Nordhorn-Klausheide<\/p>\n<p>Vereinsregister: VR 130048<br \/>\nRegistergericht: Amtsgericht Osnabr\u00fcck<\/p>\n<p><strong>Vertreten durch:<\/strong><br \/>\n1. Vorsitzender Andreas Huesmann<br \/>\nTelefon: 0160 96666663<br \/>\nE-Mail: a.huesmann@vfm-klausheide.de<\/p>\n<p><strong>Gesch\u00e4ftsf\u00fchrer: <\/strong><br \/>\nHans Anbergen<br \/>\nTelefon: 0151 55666373<br \/>\nE-Mail: h.anbergen@vfm-klausheide.de<\/p>\n<h2>EU-Streitschlichtung<\/h2>\n<p>Die Europ\u00e4ische Kommission stellt eine Plattform zur Online-Streitbeilegung (OS) bereit: <a href=\"https:\/\/ec.europa.eu\/consumers\/odr\/\" target=\"_blank\" rel=\"noopener noreferrer\">https:\/\/ec.europa.eu\/consumers\/odr\/<\/a>.<br \/>\nUnsere E-Mail-Adresse finden Sie oben im Impressum.<\/p>\n<h2>Verbraucher\u00adstreit\u00adbeilegung\/Universal\u00adschlichtungs\u00adstelle<\/h2>\n<p>Wir sind nicht bereit oder verpflichtet, an Streitbeilegungsverfahren vor einer Verbraucherschlichtungsstelle teilzunehmen.<\/p>\n<h2>Design, Konzept und Programmierung<\/h2>\n<p><a href=\"https:\/\/www.maxbenedikt.com\">maxbenedikt GmbH<\/a><\/p>\n<h2>Bildnachweis<\/h2>\n<p>Bildmaterial, das hier nicht gesondert angegeben wird, stammt von &#8230;<\/p>\n<\/div><\/div><\/div><\/div><div class=\"wpb_column vc_column_container\"><div class=\"vc_column-inner\"><div class=\"wpb_text_column\"><div class=\"wpb_wrapper\"><h3>Haftung f\u00fcr Inhalte<\/h3>\n<p>Als Diensteanbieter sind wir gem\u00e4\u00df \u00a7 7 Abs.1 TMG f\u00fcr eigene Inhalte auf diesen Seiten nach den allgemeinen Gesetzen verantwortlich. Nach \u00a7\u00a7 8 bis 10 TMG sind wir als Diensteanbieter jedoch nicht verpflichtet, \u00fcbermittelte oder gespeicherte fremde Informationen zu \u00fcberwachen oder nach Umst\u00e4nden zu forschen, die auf eine rechtswidrige T\u00e4tigkeit hinweisen.<\/p>\n<p>Verpflichtungen zur Entfernung oder Sperrung der Nutzung von Informationen nach den allgemeinen Gesetzen bleiben hiervon unber\u00fchrt. Eine diesbez\u00fcgliche Haftung ist jedoch erst ab dem Zeitpunkt der Kenntnis einer konkreten Rechtsverletzung m\u00f6glich. Bei Bekanntwerden von entsprechenden Rechtsverletzungen werden wir diese Inhalte umgehend entfernen.<\/p>\n<h3>Haftung f\u00fcr Links<\/h3>\n<p>Unser Angebot enth\u00e4lt Links zu externen Websites Dritter, auf deren Inhalte wir keinen Einfluss haben. Deshalb k\u00f6nnen wir f\u00fcr diese fremden Inhalte auch keine Gew\u00e4hr \u00fcbernehmen. F\u00fcr die Inhalte der verlinkten Seiten ist stets der jeweilige Anbieter oder Betreiber der Seiten verantwortlich. Die verlinkten Seiten wurden zum Zeitpunkt der Verlinkung auf m\u00f6gliche Rechtsverst\u00f6\u00dfe \u00fcberpr\u00fcft. Rechtswidrige Inhalte waren zum Zeitpunkt der Verlinkung nicht erkennbar.<\/p>\n<p>Eine permanente inhaltliche Kontrolle der verlinkten Seiten ist jedoch ohne konkrete Anhaltspunkte einer Rechtsverletzung nicht zumutbar. Bei Bekanntwerden von Rechtsverletzungen werden wir derartige Links umgehend entfernen.<\/p>\n<h3>Urheberrecht<\/h3>\n<p>Die durch die Seitenbetreiber erstellten Inhalte und Werke auf diesen Seiten unterliegen dem deutschen Urheberrecht. Die Vervielf\u00e4ltigung, Bearbeitung, Verbreitung und jede Art der Verwertung au\u00dferhalb der Grenzen des Urheberrechtes bed\u00fcrfen der schriftlichen Zustimmung des jeweiligen Autors bzw. Erstellers. Downloads und Kopien dieser Seite sind nur f\u00fcr den privaten, nicht kommerziellen Gebrauch gestattet.<\/p>\n<p>Soweit die Inhalte auf dieser Seite nicht vom Betreiber erstellt wurden, werden die Urheberrechte Dritter beachtet. Insbesondere werden Inhalte Dritter als solche gekennzeichnet. Sollten Sie trotzdem auf eine Urheberrechtsverletzung aufmerksam werden, bitten wir um einen entsprechenden Hinweis. Bei Bekanntwerden von Rechtsverletzungen werden wir derartige Inhalte umgehend entfernen.<\/p>\n<\/div><\/div><\/div><\/div><\/div><\/div><\/section>\n","protected":false},"excerpt":{"rendered":"ImpressumAngaben gem\u00e4\u00df \u00a7 5 TMG Verein f\u00fcr Motorflug Klausheide e.V. Flugplatzstra\u00dfe 56 48531 Nordhorn-Klausheide Vereinsregister: VR 130048 Registergericht: Amtsgericht Osnabr\u00fcck Vertreten durch: 1. Vorsitzender Andreas Huesmann Telefon: 0160 96666663 E-Mail: a.huesmann@vfm-klausheide.de Gesch\u00e4ftsf\u00fchrer: Hans Anbergen Telefon: 0151 55666373 E-Mail: h.anbergen@vfm-klausheide.de EU-Streitschlichtung Die Europ\u00e4ische Kommission stellt eine Plattform zur Online-Streitbeilegung (OS) bereit: https:\/\/ec.europa.eu\/consumers\/odr\/. Unsere E-Mail-Adresse finden Sie...","protected":false},"author":1,"featured_media":0,"parent":0,"menu_order":0,"comment_status":"closed","ping_status":"closed","template":"","meta":{"_acf_changed":false,"footnotes":""},"class_list":["post-4675","page","type-page","status-publish","hentry"],"acf":[],"yoast_head":"<!-- This site is optimized with the Yoast SEO plugin v27.5 - https:\/\/yoast.com\/product\/yoast-seo-wordpress\/ -->\n<title>Impressum<\/title>\n<meta name=\"robots\" content=\"index, follow, max-snippet:-1, max-image-preview:large, max-video-preview:-1\" \/>\n<link rel=\"canonical\" href=\"https:\/\/vfm-klausheide.de\/nl\/impressum\/\" \/>\n<meta property=\"og:locale\" content=\"nl_NL\" \/>\n<meta property=\"og:type\" content=\"article\" \/>\n<meta property=\"og:title\" content=\"Impressum\" \/>\n<meta property=\"og:url\" content=\"https:\/\/vfm-klausheide.de\/nl\/impressum\/\" \/>\n<meta property=\"og:site_name\" content=\"VFM - Verein f\u00fcr Motorflug Klausheide eV\" \/>\n<meta property=\"article:publisher\" content=\"https:\/\/www.facebook.com\/VFMKlausheide\/\" \/>\n<meta property=\"og:image\" content=\"https:\/\/vfm-klausheide.de\/wp-content\/uploads\/2021\/08\/favicon-1.png\" \/>\n\t<meta property=\"og:image:width\" content=\"512\" \/>\n\t<meta property=\"og:image:height\" content=\"512\" \/>\n\t<meta property=\"og:image:type\" content=\"image\/png\" \/>\n<meta name=\"twitter:card\" content=\"summary_large_image\" \/>\n<meta name=\"twitter:label1\" content=\"Geschatte leestijd\" \/>\n\t<meta name=\"twitter:data1\" content=\"2 minuten\" \/>\n<script type=\"application\/ld+json\" class=\"yoast-schema-graph\">{\"@context\":\"https:\\\/\\\/schema.org\",\"@graph\":[{\"@type\":\"WebPage\",\"@id\":\"https:\\\/\\\/vfm-klausheide.de\\\/nl\\\/impressum\\\/\",\"url\":\"https:\\\/\\\/vfm-klausheide.de\\\/nl\\\/impressum\\\/\",\"name\":\"Impressum\",\"isPartOf\":{\"@id\":\"https:\\\/\\\/vfm-klausheide.de\\\/#website\"},\"datePublished\":\"2021-08-23T08:41:41+00:00\",\"breadcrumb\":{\"@id\":\"https:\\\/\\\/vfm-klausheide.de\\\/nl\\\/impressum\\\/#breadcrumb\"},\"inLanguage\":\"nl-NL\",\"potentialAction\":[{\"@type\":\"ReadAction\",\"target\":[\"https:\\\/\\\/vfm-klausheide.de\\\/nl\\\/impressum\\\/\"]}]},{\"@type\":\"BreadcrumbList\",\"@id\":\"https:\\\/\\\/vfm-klausheide.de\\\/nl\\\/impressum\\\/#breadcrumb\",\"itemListElement\":[{\"@type\":\"ListItem\",\"position\":1,\"name\":\"Startseite\",\"item\":\"https:\\\/\\\/vfm-klausheide.de\\\/nl\\\/\"},{\"@type\":\"ListItem\",\"position\":2,\"name\":\"Impressum\"}]},{\"@type\":\"WebSite\",\"@id\":\"https:\\\/\\\/vfm-klausheide.de\\\/#website\",\"url\":\"https:\\\/\\\/vfm-klausheide.de\\\/\",\"name\":\"VFM - Verein f\u00fcr Motorflug Klausheide eV\",\"description\":\"Verein f\u00fcr Motorflug Klausheide\",\"publisher\":{\"@id\":\"https:\\\/\\\/vfm-klausheide.de\\\/#organization\"},\"potentialAction\":[{\"@type\":\"SearchAction\",\"target\":{\"@type\":\"EntryPoint\",\"urlTemplate\":\"https:\\\/\\\/vfm-klausheide.de\\\/?s={search_term_string}\"},\"query-input\":{\"@type\":\"PropertyValueSpecification\",\"valueRequired\":true,\"valueName\":\"search_term_string\"}}],\"inLanguage\":\"nl-NL\"},{\"@type\":\"Organization\",\"@id\":\"https:\\\/\\\/vfm-klausheide.de\\\/#organization\",\"name\":\"Verein f\u00fcr Motorflug e.V.\",\"url\":\"https:\\\/\\\/vfm-klausheide.de\\\/\",\"logo\":{\"@type\":\"ImageObject\",\"inLanguage\":\"nl-NL\",\"@id\":\"https:\\\/\\\/vfm-klausheide.de\\\/#\\\/schema\\\/logo\\\/image\\\/\",\"url\":\"https:\\\/\\\/vfm-klausheide.de\\\/wp-content\\\/uploads\\\/2019\\\/11\\\/VfM-Logo.png\",\"contentUrl\":\"https:\\\/\\\/vfm-klausheide.de\\\/wp-content\\\/uploads\\\/2019\\\/11\\\/VfM-Logo.png\",\"width\":1191,\"height\":730,\"caption\":\"Verein f\u00fcr Motorflug e.V.\"},\"image\":{\"@id\":\"https:\\\/\\\/vfm-klausheide.de\\\/#\\\/schema\\\/logo\\\/image\\\/\"},\"sameAs\":[\"https:\\\/\\\/www.facebook.com\\\/VFMKlausheide\\\/\",\"https:\\\/\\\/www.instagram.com\\\/vfmklausheide\\\/\"]}]}<\/script>\n<!-- \/ Yoast SEO plugin. -->","yoast_head_json":{"title":"Impressum","robots":{"index":"index","follow":"follow","max-snippet":"max-snippet:-1","max-image-preview":"max-image-preview:large","max-video-preview":"max-video-preview:-1"},"canonical":"https:\/\/vfm-klausheide.de\/nl\/impressum\/","og_locale":"nl_NL","og_type":"article","og_title":"Impressum","og_url":"https:\/\/vfm-klausheide.de\/nl\/impressum\/","og_site_name":"VFM - Verein f\u00fcr Motorflug Klausheide eV","article_publisher":"https:\/\/www.facebook.com\/VFMKlausheide\/","og_image":[{"width":512,"height":512,"url":"https:\/\/vfm-klausheide.de\/wp-content\/uploads\/2021\/08\/favicon-1.png","type":"image\/png"}],"twitter_card":"summary_large_image","twitter_misc":{"Geschatte leestijd":"2 minuten"},"schema":{"@context":"https:\/\/schema.org","@graph":[{"@type":"WebPage","@id":"https:\/\/vfm-klausheide.de\/nl\/impressum\/","url":"https:\/\/vfm-klausheide.de\/nl\/impressum\/","name":"Impressum","isPartOf":{"@id":"https:\/\/vfm-klausheide.de\/#website"},"datePublished":"2021-08-23T08:41:41+00:00","breadcrumb":{"@id":"https:\/\/vfm-klausheide.de\/nl\/impressum\/#breadcrumb"},"inLanguage":"nl-NL","potentialAction":[{"@type":"ReadAction","target":["https:\/\/vfm-klausheide.de\/nl\/impressum\/"]}]},{"@type":"BreadcrumbList","@id":"https:\/\/vfm-klausheide.de\/nl\/impressum\/#breadcrumb","itemListElement":[{"@type":"ListItem","position":1,"name":"Startseite","item":"https:\/\/vfm-klausheide.de\/nl\/"},{"@type":"ListItem","position":2,"name":"Impressum"}]},{"@type":"WebSite","@id":"https:\/\/vfm-klausheide.de\/#website","url":"https:\/\/vfm-klausheide.de\/","name":"VFM - Verein f\u00fcr Motorflug Klausheide eV","description":"Verein f\u00fcr Motorflug Klausheide","publisher":{"@id":"https:\/\/vfm-klausheide.de\/#organization"},"potentialAction":[{"@type":"SearchAction","target":{"@type":"EntryPoint","urlTemplate":"https:\/\/vfm-klausheide.de\/?s={search_term_string}"},"query-input":{"@type":"PropertyValueSpecification","valueRequired":true,"valueName":"search_term_string"}}],"inLanguage":"nl-NL"},{"@type":"Organization","@id":"https:\/\/vfm-klausheide.de\/#organization","name":"Verein f\u00fcr Motorflug e.V.","url":"https:\/\/vfm-klausheide.de\/","logo":{"@type":"ImageObject","inLanguage":"nl-NL","@id":"https:\/\/vfm-klausheide.de\/#\/schema\/logo\/image\/","url":"https:\/\/vfm-klausheide.de\/wp-content\/uploads\/2019\/11\/VfM-Logo.png","contentUrl":"https:\/\/vfm-klausheide.de\/wp-content\/uploads\/2019\/11\/VfM-Logo.png","width":1191,"height":730,"caption":"Verein f\u00fcr Motorflug e.V."},"image":{"@id":"https:\/\/vfm-klausheide.de\/#\/schema\/logo\/image\/"},"sameAs":["https:\/\/www.facebook.com\/VFMKlausheide\/","https:\/\/www.instagram.com\/vfmklausheide\/"]}]}},"_links":{"self":[{"href":"https:\/\/vfm-klausheide.de\/nl\/wp-json\/wp\/v2\/pages\/4675","targetHints":{"allow":["GET"]}}],"collection":[{"href":"https:\/\/vfm-klausheide.de\/nl\/wp-json\/wp\/v2\/pages"}],"about":[{"href":"https:\/\/vfm-klausheide.de\/nl\/wp-json\/wp\/v2\/types\/page"}],"author":[{"embeddable":true,"href":"https:\/\/vfm-klausheide.de\/nl\/wp-json\/wp\/v2\/users\/1"}],"replies":[{"embeddable":true,"href":"https:\/\/vfm-klausheide.de\/nl\/wp-json\/wp\/v2\/comments?post=4675"}],"version-history":[{"count":0,"href":"https:\/\/vfm-klausheide.de\/nl\/wp-json\/wp\/v2\/pages\/4675\/revisions"}],"wp:attachment":[{"href":"https:\/\/vfm-klausheide.de\/nl\/wp-json\/wp\/v2\/media?parent=4675"}],"curies":[{"name":"wp","href":"https:\/\/api.w.org\/{rel}","templated":true}]}}